{"id":8765,"date":"2022-12-29T12:19:56","date_gmt":"2022-12-29T11:19:56","guid":{"rendered":"https:\/\/staging.avixi.be\/?page_id=8765"},"modified":"2023-01-17T13:30:22","modified_gmt":"2023-01-17T12:30:22","slug":"demande-report-de-paiement-2023-secteur-larboriculture-fruitiere","status":"publish","type":"page","link":"https:\/\/staging.avixi.be\/fr\/corona\/formulaires\/demande-report-de-paiement-2023-secteur-larboriculture-fruitiere\/","title":{"rendered":"Demande report de paiement 2023 &#8211; secteur l&rsquo;arboriculture fruiti\u00e8re"},"content":{"rendered":"<div class=\"fusion-fullwidth fullwidth-box fusion-builder-row-1 fusion-flex-container nonhundred-percent-fullwidth non-hundred-percent-height-scrolling\" style=\"--awb-border-radius-top-left:0px;--awb-border-radius-top-right:0px;--awb-border-radius-bottom-right:0px;--awb-border-radius-bottom-left:0px;--awb-flex-wrap:wrap;\" ><div class=\"fusion-builder-row fusion-row fusion-flex-align-items-flex-start fusion-flex-content-wrap\" style=\"max-width:1560px;margin-left: calc(-4% \/ 2 );margin-right: calc(-4% \/ 2 );\"><div class=\"fusion-layout-column fusion_builder_column fusion-builder-column-0 fusion_builder_column_3_4 3_4 fusion-flex-column\" style=\"--awb-bg-size:cover;--awb-width-large:75%;--awb-margin-top-large:0px;--awb-spacing-right-large:2.56%;--awb-margin-bottom-large:20px;--awb-spacing-left-large:2.56%;--awb-width-medium:75%;--awb-order-medium:0;--awb-spacing-right-medium:2.56%;--awb-spacing-left-medium:2.56%;--awb-width-small:100%;--awb-order-small:0;--awb-spacing-right-small:1.92%;--awb-spacing-left-small:1.92%;\"><div class=\"fusion-column-wrapper fusion-column-has-shadow fusion-flex-justify-content-flex-start fusion-content-layout-column\"><nav class=\"fusion-breadcrumbs fusion-breadcrumbs-1\" style=\"--awb-breadcrumb-sep:&#039;\/&#039;;\" aria-label=\"Breadcrumb\"><ol class=\"awb-breadcrumb-list\"><li class=\"fusion-breadcrumb-item awb-breadcrumb-sep awb-home\" ><a href=\"https:\/\/staging.avixi.be\/fr\/\" class=\"fusion-breadcrumb-link\"><span >Home<\/span><\/a><\/li><\/ol><\/nav><div class=\"fusion-text fusion-text-1\" style=\"--awb-text-transform:none;\"><\/div>\n<h1>Demande report de paiement 2023 &#8211; secteur l&rsquo;arboriculture fruiti\u00e8re<\/h1>\n<hr \/>\n<p>Toutes les cat\u00e9gories d\u2019ind\u00e9pendants qui subissent les cons\u00e9quences de la crise au secteur l&rsquo;arboriculture fruiti\u00e8re peuvent obtenir un report d\u2019un an pour le paiement de leurs cotisations sociales.<\/p>\n<p><strong>Conditions<\/strong><\/p>\n<ul>\n<li>La d\u00e9monstration de l\u2019impact sur l\u2019activit\u00e9 ind\u00e9pendante de la crise \u00e9nerg\u00e9tique<\/li>\n<li>La d\u00e9monstration de la forte augmentation de la facture de provision \u00e9nerg\u00e9tique de 2023 par rapport \u00e0 celle de 2021<\/li>\n<\/ul>\n<script type=\"text\/javascript\">\n\/* <![CDATA[ *\/\nvar gform;gform||(document.addEventListener(\"gform_main_scripts_loaded\",function(){gform.scriptsLoaded=!0}),document.addEventListener(\"gform\/theme\/scripts_loaded\",function(){gform.themeScriptsLoaded=!0}),window.addEventListener(\"DOMContentLoaded\",function(){gform.domLoaded=!0}),gform={domLoaded:!1,scriptsLoaded:!1,themeScriptsLoaded:!1,isFormEditor:()=>\"function\"==typeof InitializeEditor,callIfLoaded:function(o){return!(!gform.domLoaded||!gform.scriptsLoaded||!gform.themeScriptsLoaded&&!gform.isFormEditor()||(gform.isFormEditor()&&console.warn(\"The use of gform.initializeOnLoaded() is deprecated in the form editor context and will be removed in Gravity Forms 3.1.\"),o(),0))},initializeOnLoaded:function(o){gform.callIfLoaded(o)||(document.addEventListener(\"gform_main_scripts_loaded\",()=>{gform.scriptsLoaded=!0,gform.callIfLoaded(o)}),document.addEventListener(\"gform\/theme\/scripts_loaded\",()=>{gform.themeScriptsLoaded=!0,gform.callIfLoaded(o)}),window.addEventListener(\"DOMContentLoaded\",()=>{gform.domLoaded=!0,gform.callIfLoaded(o)}))},hooks:{action:{},filter:{}},addAction:function(o,r,e,t){gform.addHook(\"action\",o,r,e,t)},addFilter:function(o,r,e,t){gform.addHook(\"filter\",o,r,e,t)},doAction:function(o){gform.doHook(\"action\",o,arguments)},applyFilters:function(o){return gform.doHook(\"filter\",o,arguments)},removeAction:function(o,r){gform.removeHook(\"action\",o,r)},removeFilter:function(o,r,e){gform.removeHook(\"filter\",o,r,e)},addHook:function(o,r,e,t,n){null==gform.hooks[o][r]&&(gform.hooks[o][r]=[]);var d=gform.hooks[o][r];null==n&&(n=r+\"_\"+d.length),gform.hooks[o][r].push({tag:n,callable:e,priority:t=null==t?10:t})},doHook:function(r,o,e){var t;if(e=Array.prototype.slice.call(e,1),null!=gform.hooks[r][o]&&((o=gform.hooks[r][o]).sort(function(o,r){return o.priority-r.priority}),o.forEach(function(o){\"function\"!=typeof(t=o.callable)&&(t=window[t]),\"action\"==r?t.apply(null,e):e[0]=t.apply(null,e)})),\"filter\"==r)return e[0]},removeHook:function(o,r,t,n){var e;null!=gform.hooks[o][r]&&(e=(e=gform.hooks[o][r]).filter(function(o,r,e){return!!(null!=n&&n!=o.tag||null!=t&&t!=o.priority)}),gform.hooks[o][r]=e)}});\n\/* ]]> *\/\n<\/script>\n\n                <div class='gf_browser_gecko gform_wrapper gform_legacy_markup_wrapper gform-theme--no-framework' data-form-theme='legacy' data-form-index='0' id='gform_wrapper_142' ><form method='post' enctype='multipart\/form-data'  id='gform_142'  action='\/fr\/wp-json\/wp\/v2\/pages\/8765' data-formid='142' novalidate>\n                        <div class='gform-body gform_body'><ul id='gform_fields_142' class='gform_fields top_label form_sublabel_below description_above validation_below'><li id=\"field_142_154\" class=\"gfield gfield--type-section gsection field_sublabel_below gfield--no-description field_description_above field_validation_below gfield_visibility_visible\"  ><h2 class=\"gsection_title\">Donn\u00e9es du demandeur<\/h2><\/li><li id=\"field_142_42\" class=\"gfield gfield--type-text gf_left_half gfield_contains_required field_sublabel_below gfield--no-description field_description_above field_validation_below gfield_visibility_visible\"  ><label class='gfield_label gform-field-label' for='input_142_42'>Nom<span class=\"gfield_required\"><span class=\"gfield_required gfield_required_asterisk\">*<\/span><\/span><\/label><div class='ginput_container ginput_container_text'><input name='input_42' id='input_142_42' type='text' value='' class='medium'     aria-required=\"true\" aria-invalid=\"false\"   \/><\/div><\/li><li id=\"field_142_148\" class=\"gfield gfield--type-text gf_right_half gfield_contains_required field_sublabel_below gfield--no-description field_description_above field_validation_below gfield_visibility_visible\"  ><label class='gfield_label gform-field-label' for='input_142_148'>Pr\u00e9nom<span class=\"gfield_required\"><span class=\"gfield_required gfield_required_asterisk\">*<\/span><\/span><\/label><div class='ginput_container ginput_container_text'><input name='input_148' id='input_142_148' type='text' value='' class='medium'     aria-required=\"true\" aria-invalid=\"false\"   \/><\/div><\/li><li id=\"field_142_2\" class=\"gfield gfield--type-text gfield_contains_required field_sublabel_below gfield--no-description field_description_above field_validation_below gfield_visibility_visible\"  ><label class='gfield_label gform-field-label' for='input_142_2'>Num\u00e9ro de registre national<span class=\"gfield_required\"><span class=\"gfield_required gfield_required_asterisk\">*<\/span><\/span><\/label><div class='ginput_container ginput_container_text'><input name='input_2' id='input_142_2' type='text' value='' class='medium'     aria-required=\"true\" aria-invalid=\"false\"   \/><\/div><\/li><li id=\"field_142_149\" class=\"gfield gfield--type-email gfield_contains_required field_sublabel_below gfield--no-description field_description_above field_validation_below gfield_visibility_visible\"  ><label class='gfield_label gform-field-label' for='input_142_149'>Adresse mail<span class=\"gfield_required\"><span class=\"gfield_required gfield_required_asterisk\">*<\/span><\/span><\/label><div class='ginput_container ginput_container_email'>\n                            <input name='input_149' id='input_142_149' type='email' value='' class='medium'    aria-required=\"true\" aria-invalid=\"false\"  \/>\n                        <\/div><\/li><li id=\"field_142_194\" class=\"gfield gfield--type-text gfield_contains_required field_sublabel_below gfield--no-description field_description_above field_validation_below gfield_visibility_visible\"  ><label class='gfield_label gform-field-label' for='input_142_194'>Num\u00e9ro d\u2019entreprise<span class=\"gfield_required\"><span class=\"gfield_required gfield_required_asterisk\">*<\/span><\/span><\/label><div class='ginput_container ginput_container_text'><input name='input_194' id='input_142_194' type='text' value='' class='medium'     aria-required=\"true\" aria-invalid=\"false\"   \/><\/div><\/li><li id=\"field_142_155\" class=\"gfield gfield--type-section gsection field_sublabel_below gfield--no-description field_description_above field_validation_below gfield_visibility_visible\"  ><h2 class=\"gsection_title\">Demande report<\/h2><\/li><li id=\"field_142_169\" class=\"gfield gfield--type-checkbox gfield--type-choice gfield_contains_required field_sublabel_below gfield--no-description field_description_above field_validation_below gfield_visibility_visible\"  ><label class='gfield_label gform-field-label gfield_label_before_complex' >Je demande un report pour les cotisations sociales suivantes:<span class=\"gfield_required\"><span class=\"gfield_required gfield_required_asterisk\">*<\/span><\/span><\/label><div class='ginput_container ginput_container_checkbox'><ul class='gfield_checkbox' id='input_142_169'><li class='gchoice gchoice_142_169_1'>\n\t\t\t\t\t\t\t\t<input class='gfield-choice-input' name='input_169.1' type='checkbox'  value='1er trimestre 2023'  id='choice_142_169_1'   \/>\n\t\t\t\t\t\t\t\t<label for='choice_142_169_1' id='label_142_169_1' class='gform-field-label gform-field-label--type-inline'>1er trimestre 2023<\/label>\n\t\t\t\t\t\t\t<\/li><li class='gchoice gchoice_142_169_2'>\n\t\t\t\t\t\t\t\t<input class='gfield-choice-input' name='input_169.2' type='checkbox'  value='2i\u00e8me trimestre 2023'  id='choice_142_169_2'   \/>\n\t\t\t\t\t\t\t\t<label for='choice_142_169_2' id='label_142_169_2' class='gform-field-label gform-field-label--type-inline'>2i\u00e8me trimestre 2023<\/label>\n\t\t\t\t\t\t\t<\/li><li class='gchoice gchoice_142_169_3'>\n\t\t\t\t\t\t\t\t<input class='gfield-choice-input' name='input_169.3' type='checkbox'  value='3i\u00e8me trimestre 2023'  id='choice_142_169_3'   \/>\n\t\t\t\t\t\t\t\t<label for='choice_142_169_3' id='label_142_169_3' class='gform-field-label gform-field-label--type-inline'>3i\u00e8me trimestre 2023<\/label>\n\t\t\t\t\t\t\t<\/li><li class='gchoice gchoice_142_169_4'>\n\t\t\t\t\t\t\t\t<input class='gfield-choice-input' name='input_169.4' type='checkbox'  value='4i\u00e8me trimestre 2023'  id='choice_142_169_4'   \/>\n\t\t\t\t\t\t\t\t<label for='choice_142_169_4' id='label_142_169_4' class='gform-field-label gform-field-label--type-inline'>4i\u00e8me trimestre 2023<\/label>\n\t\t\t\t\t\t\t<\/li><\/ul><\/div><\/li><li id=\"field_142_158\" class=\"gfield gfield--type-section gsection field_sublabel_below gfield--no-description field_description_above field_validation_below gfield_visibility_visible\"  ><h2 class=\"gsection_title\">Motivation<\/h2><\/li><li id=\"field_142_199\" class=\"gfield gfield--type-textarea gfield_contains_required field_sublabel_below gfield--no-description field_description_above field_validation_below gfield_visibility_visible\"  ><label class='gfield_label gform-field-label' for='input_142_199'>Motivez bri\u00e8vement l\u2019impact des probl\u00e8mes dans le secteur l&#039;arboriculture fruiti\u00e8re sur votre activit\u00e9 ind\u00e9pendante et mentionnez les chiffres comme preuve.<span class=\"gfield_required\"><span class=\"gfield_required gfield_required_asterisk\">*<\/span><\/span><\/label><div class='ginput_container ginput_container_textarea'><textarea name='input_199' id='input_142_199' class='textarea medium'     aria-required=\"true\" aria-invalid=\"false\"   rows='10' cols='50'><\/textarea><\/div><\/li><li id=\"field_142_202\" class=\"gfield gfield--type-fileupload field_sublabel_below gfield--no-description field_description_above field_validation_below gfield_visibility_visible\"  ><label class='gfield_label gform-field-label' for='gform_browse_button_142_202'>Ajoutez \u00e0 cette demande les preuves de la forte augmentation de votre facture de provision \u00e9nerg\u00e9tique de 2023 par rapport \u00e0 celle de 2021.<\/label><div class='ginput_container ginput_container_fileupload'><div id='gform_multifile_upload_142_202' data-settings='{&quot;runtimes&quot;:&quot;html5,flash,html4&quot;,&quot;browse_button&quot;:&quot;gform_browse_button_142_202&quot;,&quot;container&quot;:&quot;gform_multifile_upload_142_202&quot;,&quot;drop_element&quot;:&quot;gform_drag_drop_area_142_202&quot;,&quot;filelist&quot;:&quot;gform_preview_142_202&quot;,&quot;unique_names&quot;:true,&quot;file_data_name&quot;:&quot;file&quot;,&quot;url&quot;:&quot;https:\\\/\\\/staging.avixi.be\\\/?gf_page=f51d946b4550319&quot;,&quot;flash_swf_url&quot;:&quot;https:\\\/\\\/staging.avixi.be\\\/wp-includes\\\/js\\\/plupload\\\/plupload.flash.swf&quot;,&quot;silverlight_xap_url&quot;:&quot;https:\\\/\\\/staging.avixi.be\\\/wp-includes\\\/js\\\/plupload\\\/plupload.silverlight.xap&quot;,&quot;filters&quot;:{&quot;mime_types&quot;:[{&quot;title&quot;:&quot;Fichiers autoris\\u00e9s&quot;,&quot;extensions&quot;:&quot;doc,docx,txt,rtf,pdf,jpg,png,xlsx&quot;}],&quot;max_file_size&quot;:&quot;15728640b&quot;},&quot;multipart&quot;:true,&quot;urlstream_upload&quot;:false,&quot;multipart_params&quot;:{&quot;form_id&quot;:142,&quot;field_id&quot;:202,&quot;_gform_file_upload_nonce_142_202&quot;:&quot;81f6f68d4c&quot;},&quot;gf_vars&quot;:{&quot;max_files&quot;:&quot;10&quot;,&quot;message_id&quot;:&quot;gform_multifile_messages_142_202&quot;,&quot;disallowed_extensions&quot;:[&quot;php&quot;,&quot;asp&quot;,&quot;aspx&quot;,&quot;cmd&quot;,&quot;csh&quot;,&quot;bat&quot;,&quot;html&quot;,&quot;htm&quot;,&quot;hta&quot;,&quot;jar&quot;,&quot;exe&quot;,&quot;com&quot;,&quot;js&quot;,&quot;lnk&quot;,&quot;htaccess&quot;,&quot;phar&quot;,&quot;phtml&quot;,&quot;ps1&quot;,&quot;ps2&quot;,&quot;php3&quot;,&quot;php4&quot;,&quot;php5&quot;,&quot;php6&quot;,&quot;py&quot;,&quot;rb&quot;,&quot;tmp&quot;]}}' class='gform_fileupload_multifile'>\n\t\t\t\t\t\t\t\t\t\t<div id='gform_drag_drop_area_142_202' class='gform_drop_area gform-theme-field-control'>\n\t\t\t\t\t\t\t\t\t\t\t<span class='gform_drop_instructions'>D\u00e9posez les fichiers ici ou <\/span>\n\t\t\t\t\t\t\t\t\t\t\t<button type='button' id='gform_browse_button_142_202' class='button gform_button_select_files gform-theme-button gform-theme-button--control' aria-describedby=\"gfield_upload_rules_142_202\"  >S\u00e9lectionnez des fichiers<\/button>\n\t\t\t\t\t\t\t\t\t\t<\/div>\n\t\t\t\t\t\t\t\t\t<\/div><span class='gfield_description gform_fileupload_rules' id='gfield_upload_rules_142_202'>Types de fichiers accept\u00e9s\u00a0: doc, docx, txt, rtf, pdf, jpg, png, xlsx, Taille max. des fichiers\u00a0: 15 MB, Max. des fichiers\u00a0: 10.<\/span><ul class='validation_message--hidden-on-empty gform-ul-reset' id='gform_multifile_messages_142_202'><\/ul> <div id='gform_preview_142_202' class='ginput_preview_list'><\/div><\/div><\/li><li id=\"field_142_100\" class=\"gfield gfield--type-radio gfield--type-choice gfield_contains_required field_sublabel_below gfield--no-description field_description_above field_validation_below gfield_visibility_visible\"  ><label class='gfield_label gform-field-label' >Je demande report de paiement des cotisations provisoires pour les trimestres de 2023 mentionn\u00e9s<span class=\"gfield_required\"><span class=\"gfield_required gfield_required_asterisk\">*<\/span><\/span><\/label><div class='ginput_container ginput_container_radio'><ul class='gfield_radio' id='input_142_100'>\n\t\t\t<li class='gchoice gchoice_142_100_0'>\n\t\t\t\t<input name='input_100' type='radio' value='Lu et approuv\u00e9'  id='choice_142_100_0'    \/>\n\t\t\t\t<label for='choice_142_100_0' id='label_142_100_0' class='gform-field-label gform-field-label--type-inline'>Lu et approuv\u00e9<\/label>\n\t\t\t<\/li><\/ul><\/div><\/li><li id=\"field_142_203\" class=\"gfield gfield--type-captcha field_sublabel_below gfield--no-description field_description_above hidden_label field_validation_below gfield_visibility_visible\"  ><label class='gfield_label gform-field-label' for='input_142_203'>CAPTCHA<\/label><div id='input_142_203' class='ginput_container ginput_recaptcha' data-sitekey='6Le3IH8aAAAAAN8qN2rQl_IbK13-j9Xs6i2I7KDr'  data-theme='light' data-tabindex='-1' data-size='invisible' data-badge='bottomright'><\/div><\/li><\/ul><\/div>\n        <div class='gform-footer gform_footer top_label'> <input type='submit' id='gform_submit_button_142' class='gform_button button' onclick='gform.submission.handleButtonClick(this);' data-submission-type='submit' value='Envoyer'  \/> \n            <input type='hidden' class='gform_hidden' name='gform_submission_method' data-js='gform_submission_method_142' value='postback' \/>\n            <input type='hidden' class='gform_hidden' name='gform_theme' data-js='gform_theme_142' id='gform_theme_142' value='legacy' \/>\n            <input type='hidden' class='gform_hidden' name='gform_style_settings' data-js='gform_style_settings_142' id='gform_style_settings_142' value='[]' \/>\n            <input type='hidden' class='gform_hidden' name='is_submit_142' value='1' \/>\n            <input type='hidden' class='gform_hidden' name='gform_submit' value='142' \/>\n            \n            <input type='hidden' class='gform_hidden' name='gform_currency' data-currency='EUR' value='BeXz5AmuokiBSQtxOiCtJRWF2zWPrL7lcper2hUMEJP142tWqbFqBplv0TuzQ7FpwhyaFseg6S6PAFWcDIsL4hXIX5nxTZrygp8XnYC6BCRDzw0=' \/>\n            <input type='hidden' class='gform_hidden' name='gform_unique_id' value='' \/>\n            <input type='hidden' class='gform_hidden' name='state_142' value='WyJbXSIsIjZiODdhOGQyNWQ2YmMzMDU5MTczYmY2YmUwYWIwYWJlIl0=' \/>\n            <input type='hidden' autocomplete='off' class='gform_hidden' name='gform_target_page_number_142' id='gform_target_page_number_142' value='0' \/>\n            <input type='hidden' autocomplete='off' class='gform_hidden' name='gform_source_page_number_142' id='gform_source_page_number_142' value='1' \/>\n            <input type='hidden' name='gform_field_values' value='' \/>\n            <input type='hidden' name='gform_uploaded_files' id='gform_uploaded_files_142' value='' \/>\n        <\/div>\n                        <\/form>\n                        <\/div><script type=\"text\/javascript\">\n\/* <![CDATA[ *\/\n gform.initializeOnLoaded( function() {gformInitSpinner( 142, 'https:\/\/staging.avixi.be\/wp-content\/plugins\/gravityforms\/images\/spinner.svg', true );jQuery('#gform_ajax_frame_142').on('load',function(){var contents = jQuery(this).contents().find('*').html();var is_postback = contents.indexOf('GF_AJAX_POSTBACK') >= 0;if(!is_postback){return;}var form_content = jQuery(this).contents().find('#gform_wrapper_142');var is_confirmation = jQuery(this).contents().find('#gform_confirmation_wrapper_142').length > 0;var is_redirect = contents.indexOf('gformRedirect(){') >= 0;var is_form = form_content.length > 0 && ! is_redirect && ! is_confirmation;var mt = parseInt(jQuery('html').css('margin-top'), 10) + parseInt(jQuery('body').css('margin-top'), 10) + 100;if(is_form){jQuery('#gform_wrapper_142').html(form_content.html());if(form_content.hasClass('gform_validation_error')){jQuery('#gform_wrapper_142').addClass('gform_validation_error');} else {jQuery('#gform_wrapper_142').removeClass('gform_validation_error');}setTimeout( function() { \/* delay the scroll by 50 milliseconds to fix a bug in chrome *\/  }, 50 );if(window['gformInitDatepicker']) {gformInitDatepicker();}if(window['gformInitPriceFields']) {gformInitPriceFields();}var current_page = jQuery('#gform_source_page_number_142').val();gformInitSpinner( 142, 'https:\/\/staging.avixi.be\/wp-content\/plugins\/gravityforms\/images\/spinner.svg', true );jQuery(document).trigger('gform_page_loaded', [142, current_page]);window['gf_submitting_142'] = false;}else if(!is_redirect){var confirmation_content = jQuery(this).contents().find('.GF_AJAX_POSTBACK').html();if(!confirmation_content){confirmation_content = contents;}jQuery('#gform_wrapper_142').replaceWith(confirmation_content);jQuery(document).trigger('gform_confirmation_loaded', [142]);window['gf_submitting_142'] = false;wp.a11y.speak(jQuery('#gform_confirmation_message_142').text());}else{jQuery('#gform_142').append(contents);if(window['gformRedirect']) {gformRedirect();}}jQuery(document).trigger(\"gform_pre_post_render\", [{ formId: \"142\", currentPage: \"current_page\", abort: function() { this.preventDefault(); } }]);        if (event && event.defaultPrevented) {                return;        }        const gformWrapperDiv = document.getElementById( \"gform_wrapper_142\" );        if ( gformWrapperDiv ) {            const visibilitySpan = document.createElement( \"span\" );            visibilitySpan.id = \"gform_visibility_test_142\";            gformWrapperDiv.insertAdjacentElement( \"afterend\", visibilitySpan );        }        const visibilityTestDiv = document.getElementById( \"gform_visibility_test_142\" );        let postRenderFired = false;        function triggerPostRender() {            if ( postRenderFired ) {                return;            }            postRenderFired = true;            gform.core.triggerPostRenderEvents( 142, current_page );            if ( visibilityTestDiv ) {                visibilityTestDiv.parentNode.removeChild( visibilityTestDiv );            }        }        function debounce( func, wait, immediate ) {            var timeout;            return function() {                var context = this, args = arguments;                var later = function() {                    timeout = null;                    if ( !immediate ) func.apply( context, args );                };                var callNow = immediate && !timeout;                clearTimeout( timeout );                timeout = setTimeout( later, wait );                if ( callNow ) func.apply( context, args );            };        }        const debouncedTriggerPostRender = debounce( function() {            triggerPostRender();        }, 200 );        if ( visibilityTestDiv && visibilityTestDiv.offsetParent === null ) {            const observer = new MutationObserver( ( mutations ) => {                mutations.forEach( ( mutation ) => {                    if ( mutation.type === 'attributes' && visibilityTestDiv.offsetParent !== null ) {                        debouncedTriggerPostRender();                        observer.disconnect();                    }                });            });            observer.observe( document.body, {                attributes: true,                childList: false,                subtree: true,                attributeFilter: [ 'style', 'class' ],            });        } else {            triggerPostRender();        }    } );} ); \n\/* ]]> *\/\n<\/script>\n\n<p>Prenez contact avec votre gestionnaire de relation client:<\/p>\n<p>Mechelen: <strong>015 45 12 60\u00a0<\/strong>&#8211; info@avixi.be<\/p>\n<p>Brugge: <strong>050 40 65 65 <\/strong>&#8211; info@avixi.be<\/p>\n<p>Bruxelles:\u00a0<strong>02 743 05 10\u00a0\u00a0<\/strong>&#8211; clasti@avixi.be<\/p>\n<p>Hasselt: <strong>011 22 27 46\u00a0<\/strong>&#8211; info@avixi.be<\/p>\n[\/fusion_tagline_box]\n<\/div><\/div><\/div><\/div>\n","protected":false},"excerpt":{"rendered":"","protected":false},"author":1,"featured_media":0,"parent":3316,"menu_order":0,"comment_status":"closed","ping_status":"closed","template":"","meta":{"_acf_changed":false,"footnotes":""},"class_list":["post-8765","page","type-page","status-publish","hentry"],"acf":[],"_links":{"self":[{"href":"https:\/\/staging.avixi.be\/fr\/wp-json\/wp\/v2\/pages\/8765","targetHints":{"allow":["GET"]}}],"collection":[{"href":"https:\/\/staging.avixi.be\/fr\/wp-json\/wp\/v2\/pages"}],"about":[{"href":"https:\/\/staging.avixi.be\/fr\/wp-json\/wp\/v2\/types\/page"}],"author":[{"embeddable":true,"href":"https:\/\/staging.avixi.be\/fr\/wp-json\/wp\/v2\/users\/1"}],"replies":[{"embeddable":true,"href":"https:\/\/staging.avixi.be\/fr\/wp-json\/wp\/v2\/comments?post=8765"}],"version-history":[{"count":3,"href":"https:\/\/staging.avixi.be\/fr\/wp-json\/wp\/v2\/pages\/8765\/revisions"}],"predecessor-version":[{"id":8768,"href":"https:\/\/staging.avixi.be\/fr\/wp-json\/wp\/v2\/pages\/8765\/revisions\/8768"}],"up":[{"embeddable":true,"href":"https:\/\/staging.avixi.be\/fr\/wp-json\/wp\/v2\/pages\/3316"}],"wp:attachment":[{"href":"https:\/\/staging.avixi.be\/fr\/wp-json\/wp\/v2\/media?parent=8765"}],"curies":[{"name":"wp","href":"https:\/\/api.w.org\/{rel}","templated":true}]}}