{"id":4021,"date":"2021-03-15T11:00:05","date_gmt":"2021-03-15T10:00:05","guid":{"rendered":"https:\/\/staging.avixi.be\/?page_id=4021"},"modified":"2021-03-30T20:56:22","modified_gmt":"2021-03-30T18:56:22","slug":"tremplin-independants","status":"publish","type":"page","link":"https:\/\/staging.avixi.be\/fr\/devenir-independant\/votre-statut-dindependant\/tremplin-independants\/","title":{"rendered":"Tremplin-ind\u00e9pendants"},"content":{"rendered":"<div class=\"fusion-fullwidth fullwidth-box fusion-builder-row-1 fusion-flex-container nonhundred-percent-fullwidth non-hundred-percent-height-scrolling\" style=\"--awb-border-radius-top-left:0px;--awb-border-radius-top-right:0px;--awb-border-radius-bottom-right:0px;--awb-border-radius-bottom-left:0px;--awb-flex-wrap:wrap;\" ><div class=\"fusion-builder-row fusion-row fusion-flex-align-items-flex-start fusion-flex-content-wrap\" style=\"max-width:1560px;margin-left: calc(-4% \/ 2 );margin-right: calc(-4% \/ 2 );\"><div class=\"fusion-layout-column fusion_builder_column fusion-builder-column-0 fusion_builder_column_3_4 3_4 fusion-flex-column\" style=\"--awb-bg-size:cover;--awb-width-large:75%;--awb-margin-top-large:0px;--awb-spacing-right-large:2.56%;--awb-margin-bottom-large:20px;--awb-spacing-left-large:2.56%;--awb-width-medium:75%;--awb-order-medium:0;--awb-spacing-right-medium:2.56%;--awb-spacing-left-medium:2.56%;--awb-width-small:100%;--awb-order-small:0;--awb-spacing-right-small:1.92%;--awb-spacing-left-small:1.92%;\"><div class=\"fusion-column-wrapper fusion-column-has-shadow fusion-flex-justify-content-flex-start fusion-content-layout-column\"><nav class=\"fusion-breadcrumbs fusion-breadcrumbs-1\" style=\"--awb-breadcrumb-sep:&#039;\/&#039;;\" aria-label=\"Breadcrumb\"><ol class=\"awb-breadcrumb-list\"><li class=\"fusion-breadcrumb-item awb-breadcrumb-sep awb-home\" ><a href=\"https:\/\/staging.avixi.be\/fr\/\" class=\"fusion-breadcrumb-link\"><span >Home<\/span><\/a><\/li><\/ol><\/nav><div class=\"fusion-text fusion-text-1\"><h1>Tremplin-ind\u00e9pendants<\/h1>\n<hr \/>\n<p>Vous pouvez commencer ou continuer une activit\u00e9 ind\u00e9pendante compl\u00e9mentaire si vous b\u00e9n\u00e9ficiez d\u2019allocations de ch\u00f4mage, sous certaines conditions. Vous pouvez alors conserver vos allocations pendant maximum 12\u00a0mois.<\/p>\n<h2>Conditions<\/h2>\n<ul>\n<li>vous devez faire la d\u00e9claration \u00e0 l\u2019ONEM de votre activit\u00e9 au moment de la demande d\u2019allocations ou, si vous percevez d\u00e9j\u00e0 des allocations, pr\u00e9alablement au d\u00e9but de l\u2019activit\u00e9\u00a0;<\/li>\n<li>vous ne pouvez pas arr\u00eater ou r\u00e9duire un travail comme salari\u00e9 en vue de b\u00e9n\u00e9ficier de la mesure\u00a0;<\/li>\n<li>vous ne pouvez pas avoir exerc\u00e9 d\u2019activit\u00e9 ind\u00e9pendante \u00e0 titre principal au cours des six derni\u00e8res ann\u00e9es;<\/li>\n<li>l\u2019activit\u00e9 ne peut pas \u00eatre exerc\u00e9e par des tiers (en particulier par des travailleurs ou en sous-traitance), \u00e0 moins que ceci ait lieu \u00e0 titre tout \u00e0 fait exceptionnel\u00a0;<\/li>\n<li>votre activit\u00e9 ind\u00e9pendante doit garder un caract\u00e8re compl\u00e9mentaire.<\/li>\n<\/ul>\n<p>Pensez aussi \u00e0 limiter vos revenus. Vos allocations sont en effet diminu\u00e9es du montant de votre revenu annuel net imposable\u00a0qui d\u00e9passe le plafond de\u00a0\u20ac 4 536,48.<\/p>\n<p>Pour plus d\u2019infos, prenez contact avec l\u2019ONEM.<\/p>\n<\/div><\/div><\/div><div class=\"fusion-layout-column fusion_builder_column fusion-builder-column-1 fusion_builder_column_1_4 1_4 fusion-flex-column\" style=\"--awb-bg-size:cover;--awb-width-large:25%;--awb-margin-top-large:0px;--awb-spacing-right-large:7.68%;--awb-margin-bottom-large:20px;--awb-spacing-left-large:7.68%;--awb-width-medium:25%;--awb-order-medium:0;--awb-spacing-right-medium:7.68%;--awb-spacing-left-medium:7.68%;--awb-width-small:100%;--awb-order-small:0;--awb-spacing-right-small:1.92%;--awb-spacing-left-small:1.92%;\"><div class=\"fusion-column-wrapper fusion-column-has-shadow fusion-flex-justify-content-flex-start fusion-content-layout-column\"><div class=\"fusion-image-element \" style=\"--awb-caption-title-font-family:var(--h2_typography-font-family);--awb-caption-title-font-weight:var(--h2_typography-font-weight);--awb-caption-title-font-style:var(--h2_typography-font-style);--awb-caption-title-size:var(--h2_typography-font-size);--awb-caption-title-transform:var(--h2_typography-text-transform);--awb-caption-title-line-height:var(--h2_typography-line-height);--awb-caption-title-letter-spacing:var(--h2_typography-letter-spacing);\"><span class=\" fusion-imageframe imageframe-none imageframe-1 hover-type-none\"><img loading=\"lazy\" decoding=\"async\" width=\"960\" height=\"640\" title=\"avaxi-6\" src=\"https:\/\/staging.avixi.be\/wp-content\/uploads\/2021\/03\/avaxi-6-960x640.jpg\" alt class=\"img-responsive wp-image-4863\" srcset=\"https:\/\/staging.avixi.be\/wp-content\/uploads\/2021\/03\/avaxi-6-200x133.jpg 200w, https:\/\/staging.avixi.be\/wp-content\/uploads\/2021\/03\/avaxi-6-400x267.jpg 400w, https:\/\/staging.avixi.be\/wp-content\/uploads\/2021\/03\/avaxi-6-600x400.jpg 600w, https:\/\/staging.avixi.be\/wp-content\/uploads\/2021\/03\/avaxi-6-800x533.jpg 800w, https:\/\/staging.avixi.be\/wp-content\/uploads\/2021\/03\/avaxi-6-1200x800.jpg 1200w, https:\/\/staging.avixi.be\/wp-content\/uploads\/2021\/03\/avaxi-6.jpg 1920w\" sizes=\"auto, (max-width: 640px) 100vw, 400px\" \/><\/span><\/div><div class=\"fusion-separator fusion-full-width-sep\" style=\"align-self: center;margin-left: auto;margin-right: auto;margin-top:2rem;width:100%;\"><div class=\"fusion-separator-border sep-single\" style=\"--awb-height:20px;--awb-amount:20px;border-color:#def0f4;border-top-width:0px;\"><\/div><\/div><div class=\"fusion-text fusion-text-2\"><h3>D\u00e9marrer comme ind\u00e9pendant?<\/h3>\n<p>D\u00e9marrez votre activit\u00e9 en ligne avec le tool avixi.<\/p>\n<\/div><div ><a class=\"fusion-button button-flat fusion-button-default-size button-default fusion-button-default button-1 fusion-button-default-span fusion-button-default-type\" target=\"_blank\" rel=\"noopener noreferrer\" href=\"https:\/\/staging.avixi.be\/fr\/devenir-independant\/affiliations-obligatoires\/demarrer-son-activite-en-ligne\/\"><span class=\"fusion-button-text awb-button__text awb-button__text--default\">D\u00e9marre<\/span><i class=\"fa-angle-right fas awb-button__icon awb-button__icon--default button-icon-right\" aria-hidden=\"true\"><\/i><\/a><\/div><div class=\"fusion-separator fusion-full-width-sep\" style=\"align-self: center;margin-left: auto;margin-right: auto;margin-top:2rem;width:100%;\"><div class=\"fusion-separator-border sep-single\" style=\"--awb-height:20px;--awb-amount:20px;border-color:#def0f4;border-top-width:0px;\"><\/div><\/div><div class=\"fusion-text fusion-text-3\"><h3>Documents int\u00e9ressants<\/h3>\n<ul>\n<li><a href=\"https:\/\/staging.avixi.be\/wp-content\/uploads\/2022\/04\/Guide-de-demarrage-avixi-2023.pdf\" target=\"_blank\" rel=\"noopener\">Guide de d\u00e9marrage<\/a><\/li>\n<\/ul>\n<h3>Contactez notre guichet d\u2019entreprises<\/h3>\n<ul>\n<li><a href=\"mailto:OLmechelen@avixi.be\" target=\"_blank\" rel=\"noopener\">Guichet d\u2019entreprises Mechelen<\/a><\/li>\n<li><a href=\"mailto:OLbrugge@avixi.be\" target=\"_blank\" rel=\"noopener\">Guichet d\u2019entreprises Brugge<\/a><\/li>\n<\/ul>\n<\/div><div class=\"fusion-separator fusion-full-width-sep\" style=\"align-self: center;margin-left: auto;margin-right: auto;margin-top:2rem;width:100%;\"><div class=\"fusion-separator-border sep-single\" style=\"--awb-height:20px;--awb-amount:20px;border-color:#def0f4;border-top-width:0px;\"><\/div><\/div><div class=\"fusion-reading-box-container reading-box-container-1\" style=\"--awb-title-color:#002f47;--awb-margin-top:0px;--awb-margin-bottom:20px;\"><div class=\"reading-box\" style=\"background-color:#def2f2;border-width:0px;border-color:#f6f6f6;border-right-width:3px;border-right-color:var(--primary_color);border-style:solid;\"><a class=\"button fusion-button button-default fusion-button-default-size button-default-size button-flat fusion-desktop-button fusion-tagline-button continue fusion-desktop-button-margin continue-right\" style=\"-webkit-box-shadow:none;-moz-box-shadow:none;box-shadow:none;border-radius:50px 50px 50px 50px\" href=\"https:\/\/staging.avixi.be\/fr\/contact\/\" target=\"_blank\" rel=\"noopener noreferrer\"><span>Contact<\/span><\/a><h2>Des questions?<\/h2><div class=\"reading-box-additional fusion-reading-box-additional\">\n<p>Prenez contact avec votre gestionnaire de relation client:<\/p>\n<p>Mechelen: <strong>015 45 12 60<br \/><\/strong>Brugge: <strong>050 40 65 65<br \/><\/strong>Hasselt: <strong>011 22 27 46<\/strong><\/p>\n<p>ou envoyez un e-mail \u00e0 <a href=\"mailto:info@avixi.be\">info@avixi.be<\/a><\/p>\n<p>Clients de l&rsquo;ex-l\u2019Entraide:<\/p>\n<p>Bruxelles: <b>02<\/b> <b>743 05 10<\/b><\/p>\n<p>Ou envoyez votre message par e-mail \u00e0 clasti@avixi.be<\/p>\n<\/div><div class=\"fusion-clearfix\"><\/div><a class=\"button fusion-button button-default fusion-button-default-size button-default-size button-flat fusion-mobile-button continue-right\" style=\"-webkit-box-shadow:none;-moz-box-shadow:none;box-shadow:none;border-radius:50px 50px 50px 50px\" href=\"https:\/\/staging.avixi.be\/fr\/contact\/\" target=\"_blank\" rel=\"noopener noreferrer\"><span>Contact<\/span><\/a><\/div><\/div>\n<\/div><\/div>\n<\/div><\/div>\n","protected":false},"excerpt":{"rendered":"","protected":false},"author":1,"featured_media":0,"parent":3987,"menu_order":10,"comment_status":"closed","ping_status":"closed","template":"","meta":{"_acf_changed":false,"footnotes":""},"class_list":["post-4021","page","type-page","status-publish","hentry"],"acf":[],"_links":{"self":[{"href":"https:\/\/staging.avixi.be\/fr\/wp-json\/wp\/v2\/pages\/4021","targetHints":{"allow":["GET"]}}],"collection":[{"href":"https:\/\/staging.avixi.be\/fr\/wp-json\/wp\/v2\/pages"}],"about":[{"href":"https:\/\/staging.avixi.be\/fr\/wp-json\/wp\/v2\/types\/page"}],"author":[{"embeddable":true,"href":"https:\/\/staging.avixi.be\/fr\/wp-json\/wp\/v2\/users\/1"}],"replies":[{"embeddable":true,"href":"https:\/\/staging.avixi.be\/fr\/wp-json\/wp\/v2\/comments?post=4021"}],"version-history":[{"count":5,"href":"https:\/\/staging.avixi.be\/fr\/wp-json\/wp\/v2\/pages\/4021\/revisions"}],"predecessor-version":[{"id":5097,"href":"https:\/\/staging.avixi.be\/fr\/wp-json\/wp\/v2\/pages\/4021\/revisions\/5097"}],"up":[{"embeddable":true,"href":"https:\/\/staging.avixi.be\/fr\/wp-json\/wp\/v2\/pages\/3987"}],"wp:attachment":[{"href":"https:\/\/staging.avixi.be\/fr\/wp-json\/wp\/v2\/media?parent=4021"}],"curies":[{"name":"wp","href":"https:\/\/api.w.org\/{rel}","templated":true}]}}