{"id":3927,"date":"2021-03-15T10:54:51","date_gmt":"2021-03-15T09:54:51","guid":{"rendered":"https:\/\/staging.avixi.be\/?page_id=3927"},"modified":"2021-03-30T20:48:52","modified_gmt":"2021-03-30T18:48:52","slug":"autorisations","status":"publish","type":"page","link":"https:\/\/staging.avixi.be\/fr\/devenir-independant\/formalites-administratives\/autorisations\/","title":{"rendered":"Autorisations"},"content":{"rendered":"<div class=\"fusion-fullwidth fullwidth-box fusion-builder-row-1 fusion-flex-container nonhundred-percent-fullwidth non-hundred-percent-height-scrolling\" style=\"--awb-border-radius-top-left:0px;--awb-border-radius-top-right:0px;--awb-border-radius-bottom-right:0px;--awb-border-radius-bottom-left:0px;--awb-flex-wrap:wrap;\" ><div class=\"fusion-builder-row fusion-row fusion-flex-align-items-flex-start fusion-flex-content-wrap\" style=\"max-width:1560px;margin-left: calc(-4% \/ 2 );margin-right: calc(-4% \/ 2 );\"><div class=\"fusion-layout-column fusion_builder_column fusion-builder-column-0 fusion_builder_column_3_4 3_4 fusion-flex-column\" style=\"--awb-bg-size:cover;--awb-width-large:75%;--awb-margin-top-large:0px;--awb-spacing-right-large:2.56%;--awb-margin-bottom-large:20px;--awb-spacing-left-large:2.56%;--awb-width-medium:75%;--awb-order-medium:0;--awb-spacing-right-medium:2.56%;--awb-spacing-left-medium:2.56%;--awb-width-small:100%;--awb-order-small:0;--awb-spacing-right-small:1.92%;--awb-spacing-left-small:1.92%;\"><div class=\"fusion-column-wrapper fusion-column-has-shadow fusion-flex-justify-content-flex-start fusion-content-layout-column\"><nav class=\"fusion-breadcrumbs fusion-breadcrumbs-1\" style=\"--awb-breadcrumb-sep:&#039;\/&#039;;\" aria-label=\"Breadcrumb\"><ol class=\"awb-breadcrumb-list\"><li class=\"fusion-breadcrumb-item awb-breadcrumb-sep awb-home\" ><a href=\"https:\/\/staging.avixi.be\/fr\/\" class=\"fusion-breadcrumb-link\"><span >Home<\/span><\/a><\/li><\/ol><\/nav><div class=\"fusion-text fusion-text-1\"><h1 class=\"fusion-responsive-typography-calculated\" style=\"--fontsize: 36; line-height: 1.16;\" data-fontsize=\"36\" data-lineheight=\"41.76px\">Autorisations<\/h1>\n<hr \/>\n<p>Pour l\u2019exercice de certaines professions, vous devez pr\u00e9alablement remplir des formalit\u00e9s sp\u00e9cifiques.<\/p>\n<p>Votre guichet d\u2019entreprises vous aide \u00e0 d\u00e9marrer en effectuant pour vous les diff\u00e9rentes formalit\u00e9s telles que l\u2019obtention de certains permis.<\/p>\n<h2>Autorisation de l\u2019AFSCA (Agence f\u00e9d\u00e9rale pour la s\u00e9curit\u00e9 de la cha\u00eene alimentaire)<\/h2>\n<p>Les entreprises qui produisent, emballent, stockent, transportent ou commercialisent des denr\u00e9es alimentaires doivent toujours \u00eatre enregistr\u00e9es aupr\u00e8s de l\u2019Agence f\u00e9d\u00e9rale pour la s\u00e9curit\u00e9 de la cha\u00eene alimentaire (AFSCA). L\u2019exercice de certaines activit\u00e9s requiert \u00e9galement une autorisation ou un agr\u00e9ment.<\/p>\n<p>Co\u00fbt : \u20ac 60 euros + TVA = \u20ac 72,60<\/p>\n<h2>Autorisation de commerce ambulant (carte de commer\u00e7ant ambulant)<\/h2>\n<p>La vente, la mise en vente et l\u2019exposition en vue de la vente de biens et de services sur le march\u00e9 public ou la voie publique, de porte en porte, au domicile du consommateur et en tout autre lieu commercial sont consid\u00e9r\u00e9es comme commerce ambulant. Pour pouvoir exercer ce type d\u2019activit\u00e9, vous devez disposer d\u2019une carte de commer\u00e7ant ambulant.<\/p>\n<p>Co\u00fbt : carte patronale = \u20ac 150 ; carte de pr\u00e9pos\u00e9 = \u20ac 100 (avec des tarifs \u00e9galement diff\u00e9rents pour une modification ou un remplacement)<\/p>\n<h2>Autorisation d\u2019exercer une activit\u00e9 foraine (carte de forain)<\/h2>\n<p>Si vous souhaitez exercer une activit\u00e9 foraine dans le cadre de l\u2019exploitation d\u2019une attraction foraine, vous devez \u00eatre en possession d\u2019une autorisation d\u2019exercer une activit\u00e9 foraine. Cette autorisation peut \u00eatre demand\u00e9e aupr\u00e8s du guichet d\u2019entreprises Eunomia. Sa dur\u00e9e de validit\u00e9 d\u00e9pendra de la dur\u00e9e de l\u2019activit\u00e9.<\/p>\n<p>Co\u00fbt : carte patronale = \u20ac 150; carte de pr\u00e9pos\u00e9 = \u20ac 100 (avec des tarifs \u00e9galement diff\u00e9rents pour une modification ou un remplacement)<\/p>\n<h2>Licence de boucher-charcutier<\/h2>\n<p>Si vous souhaitez ouvrir une boucherie ou une charcuterie, vous devez disposer en R\u00e9gion bruxelloise et en Wallonie d\u2019une licence de boucher-charcutier. Cette licence a \u00e9t\u00e9 supprim\u00e9e en Flandre.<\/p>\n<p>Co\u00fbt : \u20ac 60 + TVA = \u20ac 72,60<\/p>\n<h2>Carte professionnelle<\/h2>\n<p>Si vous souhaitez, en tant que non-Belge, exercer en Belgique une activit\u00e9 ind\u00e9pendante en nom propre ou en soci\u00e9t\u00e9, vous devez disposer d\u2019une carte professionnelle. Les citoyens de l\u2019Espace \u00e9conomique europ\u00e9en (l\u2019UE, le Liechtenstein, la Norv\u00e8ge et l\u2019Islande) peuvent librement cr\u00e9er leur entreprise en Belgique. Ils ne doivent pas disposer d\u2019une carte professionnelle.<\/p>\n<p>Co\u00fbt : \u20ac 140; frais de d\u00e9livrance = \u20ac 90 par ann\u00e9e de validit\u00e9 accord\u00e9e, la carte \u00e9tant g\u00e9n\u00e9ralement accord\u00e9e pour 2 ans = \u20ac 180<\/p>\n<h2>Autorisation pour vente de tabac, d\u2019alcool ou de carburants<\/h2>\n<p>Les entreprises qui vendent et importent \u00e9ventuellement des produits \u00e0 base de tabac, de l\u2019alcool ou des carburants doivent demander pour cela une autorisation aupr\u00e8s des Douanes et Accises (SPF Finances).<\/p>\n<p>Co\u00fbt : \u20ac 60 + TVA = \u20ac 72,60<\/p>\n<h2>Unisono (SABAM)<\/h2>\n<p>Si vous voulez \u00e9couter de la musique dans votre entreprise, organiser un \u00e9v\u00e9nement ou diffuser de la musique sur le lieu de travail, vous avez besoin d\u2019une licence d\u2019Unisono. Unisono est la plateforme unique que la SABAM, PlayRight et la SIMIM ont cr\u00e9\u00e9e ensemble et qui vous permet, depuis le 1<sup>er<\/sup> janvier 2020, de r\u00e9gler l\u2019ensemble de ces licences de fa\u00e7on simple et rapide, via un interlocuteur unique.<\/p>\n<p>Co\u00fbt : \u20ac 60 + TVA = \u20ac 72,60<\/p>\n<\/div><\/div><\/div><div class=\"fusion-layout-column fusion_builder_column fusion-builder-column-1 fusion_builder_column_1_4 1_4 fusion-flex-column\" style=\"--awb-bg-size:cover;--awb-width-large:25%;--awb-margin-top-large:0px;--awb-spacing-right-large:7.68%;--awb-margin-bottom-large:20px;--awb-spacing-left-large:7.68%;--awb-width-medium:25%;--awb-order-medium:0;--awb-spacing-right-medium:7.68%;--awb-spacing-left-medium:7.68%;--awb-width-small:100%;--awb-order-small:0;--awb-spacing-right-small:1.92%;--awb-spacing-left-small:1.92%;\"><div class=\"fusion-column-wrapper fusion-column-has-shadow fusion-flex-justify-content-flex-start fusion-content-layout-column\"><div class=\"fusion-image-element \" style=\"--awb-caption-title-font-family:var(--h2_typography-font-family);--awb-caption-title-font-weight:var(--h2_typography-font-weight);--awb-caption-title-font-style:var(--h2_typography-font-style);--awb-caption-title-size:var(--h2_typography-font-size);--awb-caption-title-transform:var(--h2_typography-text-transform);--awb-caption-title-line-height:var(--h2_typography-line-height);--awb-caption-title-letter-spacing:var(--h2_typography-letter-spacing);\"><span class=\" fusion-imageframe imageframe-none imageframe-1 hover-type-none\"><img loading=\"lazy\" decoding=\"async\" width=\"960\" height=\"640\" title=\"avaxi-6\" src=\"https:\/\/staging.avixi.be\/wp-content\/uploads\/2021\/03\/avaxi-6-960x640.jpg\" alt class=\"img-responsive wp-image-4863\" srcset=\"https:\/\/staging.avixi.be\/wp-content\/uploads\/2021\/03\/avaxi-6-200x133.jpg 200w, https:\/\/staging.avixi.be\/wp-content\/uploads\/2021\/03\/avaxi-6-400x267.jpg 400w, https:\/\/staging.avixi.be\/wp-content\/uploads\/2021\/03\/avaxi-6-600x400.jpg 600w, https:\/\/staging.avixi.be\/wp-content\/uploads\/2021\/03\/avaxi-6-800x533.jpg 800w, https:\/\/staging.avixi.be\/wp-content\/uploads\/2021\/03\/avaxi-6-1200x800.jpg 1200w, https:\/\/staging.avixi.be\/wp-content\/uploads\/2021\/03\/avaxi-6.jpg 1920w\" sizes=\"auto, (max-width: 640px) 100vw, 400px\" \/><\/span><\/div><div class=\"fusion-separator fusion-full-width-sep\" style=\"align-self: center;margin-left: auto;margin-right: auto;margin-top:2rem;width:100%;\"><div class=\"fusion-separator-border sep-single\" style=\"--awb-height:20px;--awb-amount:20px;border-color:#def0f4;border-top-width:0px;\"><\/div><\/div><div class=\"fusion-text fusion-text-2\"><h3>D\u00e9marrer comme ind\u00e9pendant?<\/h3>\n<p>D\u00e9marrez votre activit\u00e9 en ligne avec le tool avixi.<\/p>\n<\/div><div ><a class=\"fusion-button button-flat fusion-button-default-size button-default fusion-button-default button-1 fusion-button-default-span fusion-button-default-type\" target=\"_blank\" rel=\"noopener noreferrer\" href=\"https:\/\/staging.avixi.be\/fr\/devenir-independant\/affiliations-obligatoires\/demarrer-son-activite-en-ligne\/\"><span class=\"fusion-button-text awb-button__text awb-button__text--default\">D\u00e9marre<\/span><i class=\"fa-angle-right fas awb-button__icon awb-button__icon--default button-icon-right\" aria-hidden=\"true\"><\/i><\/a><\/div><div class=\"fusion-separator fusion-full-width-sep\" style=\"align-self: center;margin-left: auto;margin-right: auto;margin-top:2rem;width:100%;\"><div class=\"fusion-separator-border sep-single\" style=\"--awb-height:20px;--awb-amount:20px;border-color:#def0f4;border-top-width:0px;\"><\/div><\/div><div class=\"fusion-text fusion-text-3\"><h3>Documents<\/h3>\n<ul>\n<li><a href=\"https:\/\/staging.avixi.be\/wp-content\/uploads\/2021\/03\/demande-dinscription-reprise-a-la-BCE-1.pdf\" target=\"_blank\" rel=\"noopener\">demande d\u2019inscription-reprise a la BCE<\/a><\/li>\n<li><a href=\"https:\/\/staging.avixi.be\/wp-content\/uploads\/2021\/03\/demande-activite-ambulante.pdf\" target=\"_blank\" rel=\"noopener\">demande activit\u00e9 ambulante<\/a><\/li>\n<li><a href=\"https:\/\/staging.avixi.be\/wp-content\/uploads\/2021\/03\/demande-foraines.pdf\" target=\"_blank\" rel=\"noopener\">demande foraines<\/a><\/li>\n<li><a href=\"https:\/\/staging.avixi.be\/wp-content\/uploads\/2021\/03\/tarifs-eunomia-2023-4.pdf\" target=\"_blank\" rel=\"noopener\">tarifs eunomia<\/a><\/li>\n<\/ul>\n<\/div><div class=\"fusion-separator fusion-full-width-sep\" style=\"align-self: center;margin-left: auto;margin-right: auto;margin-top:2rem;width:100%;\"><div class=\"fusion-separator-border sep-single\" style=\"--awb-height:20px;--awb-amount:20px;border-color:#def0f4;border-top-width:0px;\"><\/div><\/div><div class=\"fusion-text fusion-text-4\"><h3>Contactez notre guichet d&rsquo;entreprises<\/h3>\n<ul>\n<li><a href=\"mailto:OLmechelen@avixi.be\" target=\"_blank\" rel=\"noopener\">Guichet d&rsquo;entreprises Mechelen<\/a><\/li>\n<li><a href=\"mailto:OLbrugge@avixi.be\" target=\"_blank\" rel=\"noopener\">Guichet d&rsquo;entreprises Brugge<\/a><\/li>\n<\/ul>\n<\/div><div class=\"fusion-separator fusion-full-width-sep\" style=\"align-self: center;margin-left: auto;margin-right: auto;margin-top:2rem;width:100%;\"><div class=\"fusion-separator-border sep-single\" style=\"--awb-height:20px;--awb-amount:20px;border-color:#def0f4;border-top-width:0px;\"><\/div><\/div><div class=\"fusion-reading-box-container reading-box-container-1\" style=\"--awb-title-color:#002f47;--awb-margin-top:0px;--awb-margin-bottom:20px;\"><div class=\"reading-box\" style=\"background-color:#def2f2;border-width:0px;border-color:#f6f6f6;border-right-width:3px;border-right-color:var(--primary_color);border-style:solid;\"><a class=\"button fusion-button button-default fusion-button-default-size button-default-size button-flat fusion-desktop-button fusion-tagline-button continue fusion-desktop-button-margin continue-right\" style=\"-webkit-box-shadow:none;-moz-box-shadow:none;box-shadow:none;border-radius:50px 50px 50px 50px\" href=\"https:\/\/staging.avixi.be\/fr\/contact\/\" target=\"_blank\" rel=\"noopener noreferrer\"><span>Contact<\/span><\/a><h2>Des questions?<\/h2><div class=\"reading-box-additional fusion-reading-box-additional\">\n<p>Prenez contact avec votre gestionnaire de relation client:<\/p>\n<p>Mechelen: <strong>015 45 12 60<br \/><\/strong>Brugge: <strong>050 40 65 65<br \/><\/strong>Hasselt: <strong>011 22 27 46<\/strong><\/p>\n<p>ou envoyez un e-mail \u00e0 <a href=\"mailto:info@avixi.be\">info@avixi.be<\/a><\/p>\n<p>Clients de l&rsquo;ex-l\u2019Entraide:<\/p>\n<p>Bruxelles: <b>02<\/b> <b>743 05 10<\/b><\/p>\n<p>Ou envoyez votre message par e-mail \u00e0 clasti@avixi.be<\/p>\n<\/div><div class=\"fusion-clearfix\"><\/div><a class=\"button fusion-button button-default fusion-button-default-size button-default-size button-flat fusion-mobile-button continue-right\" style=\"-webkit-box-shadow:none;-moz-box-shadow:none;box-shadow:none;border-radius:50px 50px 50px 50px\" href=\"https:\/\/staging.avixi.be\/fr\/contact\/\" target=\"_blank\" rel=\"noopener noreferrer\"><span>Contact<\/span><\/a><\/div><\/div>\n<\/div><\/div>\n<\/div><\/div>\n","protected":false},"excerpt":{"rendered":"","protected":false},"author":1,"featured_media":0,"parent":3906,"menu_order":5,"comment_status":"closed","ping_status":"closed","template":"","meta":{"_acf_changed":false,"footnotes":""},"class_list":["post-3927","page","type-page","status-publish","hentry"],"acf":[],"_links":{"self":[{"href":"https:\/\/staging.avixi.be\/fr\/wp-json\/wp\/v2\/pages\/3927","targetHints":{"allow":["GET"]}}],"collection":[{"href":"https:\/\/staging.avixi.be\/fr\/wp-json\/wp\/v2\/pages"}],"about":[{"href":"https:\/\/staging.avixi.be\/fr\/wp-json\/wp\/v2\/types\/page"}],"author":[{"embeddable":true,"href":"https:\/\/staging.avixi.be\/fr\/wp-json\/wp\/v2\/users\/1"}],"replies":[{"embeddable":true,"href":"https:\/\/staging.avixi.be\/fr\/wp-json\/wp\/v2\/comments?post=3927"}],"version-history":[{"count":4,"href":"https:\/\/staging.avixi.be\/fr\/wp-json\/wp\/v2\/pages\/3927\/revisions"}],"predecessor-version":[{"id":5096,"href":"https:\/\/staging.avixi.be\/fr\/wp-json\/wp\/v2\/pages\/3927\/revisions\/5096"}],"up":[{"embeddable":true,"href":"https:\/\/staging.avixi.be\/fr\/wp-json\/wp\/v2\/pages\/3906"}],"wp:attachment":[{"href":"https:\/\/staging.avixi.be\/fr\/wp-json\/wp\/v2\/media?parent=3927"}],"curies":[{"name":"wp","href":"https:\/\/api.w.org\/{rel}","templated":true}]}}