{"id":3877,"date":"2021-03-11T13:11:18","date_gmt":"2021-03-11T12:11:18","guid":{"rendered":"https:\/\/staging.avixi.be\/?page_id=3877"},"modified":"2021-03-30T20:45:22","modified_gmt":"2021-03-30T18:45:22","slug":"entreprise-unipersonelle-ou-societe","status":"publish","type":"page","link":"https:\/\/staging.avixi.be\/fr\/devenir-independant\/demarrer-son-activite\/entreprise-unipersonelle-ou-societe\/","title":{"rendered":"Entreprise unipersonelle ou soci\u00e9t\u00e9 ?"},"content":{"rendered":"<div class=\"fusion-fullwidth fullwidth-box fusion-builder-row-1 fusion-flex-container nonhundred-percent-fullwidth non-hundred-percent-height-scrolling\" style=\"--awb-border-radius-top-left:0px;--awb-border-radius-top-right:0px;--awb-border-radius-bottom-right:0px;--awb-border-radius-bottom-left:0px;--awb-flex-wrap:wrap;\" ><div class=\"fusion-builder-row fusion-row fusion-flex-align-items-flex-start fusion-flex-content-wrap\" style=\"max-width:1560px;margin-left: calc(-4% \/ 2 );margin-right: calc(-4% \/ 2 );\"><div class=\"fusion-layout-column fusion_builder_column fusion-builder-column-0 fusion_builder_column_3_4 3_4 fusion-flex-column\" style=\"--awb-bg-size:cover;--awb-width-large:75%;--awb-margin-top-large:0px;--awb-spacing-right-large:2.56%;--awb-margin-bottom-large:20px;--awb-spacing-left-large:2.56%;--awb-width-medium:75%;--awb-order-medium:0;--awb-spacing-right-medium:2.56%;--awb-spacing-left-medium:2.56%;--awb-width-small:100%;--awb-order-small:0;--awb-spacing-right-small:1.92%;--awb-spacing-left-small:1.92%;\"><div class=\"fusion-column-wrapper fusion-column-has-shadow fusion-flex-justify-content-flex-start fusion-content-layout-column\"><nav class=\"fusion-breadcrumbs fusion-breadcrumbs-1\" style=\"--awb-breadcrumb-sep:&#039;\/&#039;;\" aria-label=\"Breadcrumb\"><ol class=\"awb-breadcrumb-list\"><li class=\"fusion-breadcrumb-item awb-breadcrumb-sep awb-home\" ><a href=\"https:\/\/staging.avixi.be\/fr\/\" class=\"fusion-breadcrumb-link\"><span >Home<\/span><\/a><\/li><\/ol><\/nav><div class=\"fusion-text fusion-text-1\"><h1>Entreprise unipersonelle ou soci\u00e9t\u00e9 ?<\/h1>\n<hr \/>\n<p>Pour faire le bon choix, mieux vaut prendre le temps de se poser quelques questions. Ai-je envie de d\u00e9marrer une entreprise unipersonnelle? Ai-je besoin d\u2019un capital de d\u00e9part? Quels sont les<strong> risques<\/strong> que je cours si cela ne devait pas marcher?<\/p>\n<p>Deux options s\u2019offrent \u00e0 vous pour exercer votre activit\u00e9 ind\u00e9pendante:<\/p>\n<ul>\n<li>l\u2019entreprise unipersonelle (ind\u00e9pendant en personne physique);<\/li>\n<li>la soci\u00e9t\u00e9 (avec ou sans personnalit\u00e9 juridique). Chaque formule pr\u00e9sente des avantages et des inconv\u00e9nients, et votre choix aura des cons\u00e9quences importantes sur la vie de votre entreprise.<\/li>\n<\/ul>\n<h2>Entreprise unipersonelle<\/h2>\n<p>Une entreprise unipersonelle repr\u00e9sente la mani\u00e8re la plus simple d\u2019exercer une activit\u00e9 ind\u00e9pendante:<\/p>\n<ul>\n<li>elle ne n\u00e9cessite pas la r\u00e9daction de statuts, ni de capital minimum de d\u00e9part;<\/li>\n<li>les co\u00fbts de constitution et de fonctionnement sont faibles;<\/li>\n<li>vous pouvez d\u00e9buter rapidement votre activit\u00e9;<\/li>\n<li>vous \u00eates le seul ma\u00eetre \u00e0 bord et vous pouvez prendre les d\u00e9cisions qui s\u2019imposent pour l\u2019exercice de votre activit\u00e9 sans devoir consulter d\u2019autres associ\u00e9s;<\/li>\n<li>la comptabilit\u00e9 \u00e0 tenir est en r\u00e8gle g\u00e9n\u00e9rale simplifi\u00e9e<\/li>\n<\/ul>\n<h3>La responsabilit\u00e9<\/h3>\n<p>Dans une entreprise unipersonelle, il n\u2019y a pas de s\u00e9paration entre le patrimoine affect\u00e9 \u00e0 l\u2019activit\u00e9 professionnelle et le patrimoine priv\u00e9 de l\u2019entrepreneur.L\u2019entrepreneur est donc, avec tout son avoir, responsable des engagements de son entreprise. Ceci n\u2019est pas exempt de risques, par exemple en cas de faillite d\u2019un client important. Ses dettes peuvent \u00eatre r\u00e9cup\u00e9r\u00e9es sur l\u2019ensemble des biens de l\u2019entrepreneur et ce, tant sur ses biens mobiliers qu\u2019immobiliers, pr\u00e9sents ou futurs. Le patrimoine du conjoint peut \u00e9ventuellement aussi devoir \u00eatre affect\u00e9 au paiement des dettes de l\u2019entreprise \u00e0 moins qu\u2019une convention matrimoniale n\u2019en dispose autrement.<\/p>\n<h3>Le r\u00e9gime fiscal<\/h3>\n<p>Les b\u00e9n\u00e9fices d\u2019une entreprise individuelle sont soumis au r\u00e9gime de l\u2019imp\u00f4t des personnes physiques. Cet imp\u00f4t est progressif, les b\u00e9n\u00e9fices importants sont donc plus lourdement tax\u00e9s<\/p>\n<p>Votre guichet d\u2019entreprises Eunomia peut r\u00e9gler pour vous toutes les obligations l\u00e9gales.<\/p>\n<h2>Soci\u00e9t\u00e9<\/h2>\n<p>La constitution d\u2019une soci\u00e9t\u00e9 r\u00e9clame, selon les cas:<\/p>\n<ul>\n<li>l\u2019intervention d\u2019un notaire;<\/li>\n<li>un capital minimum;<\/li>\n<li>un plan financier;<\/li>\n<li>la r\u00e9daction de statuts;<\/li>\n<li>un rapport de r\u00e9viseur d\u2019entreprises (par exemple, en cas d\u2019apport en nature).<\/li>\n<\/ul>\n<p>Son fonctionnement diff\u00e8re fortement de celui d\u2019une entreprise unipersonelle:<\/p>\n<ul>\n<li>le volume de travail administratif, de formalit\u00e9s et d\u2019obligations juridiques est plus important;<\/li>\n<li>les obligations comptables sont plus nombreuses (en g\u00e9n\u00e9ral, tenue d\u2019une comptabilit\u00e9 compl\u00e8te ; en g\u00e9n\u00e9ral, d\u00e9p\u00f4t des comptes annuels \u00e0 la Banque nationale&#8230;);<\/li>\n<li>il faut tenir compte des organes de la soci\u00e9t\u00e9 (l\u2019organe d\u2019administration, assembl\u00e9e g\u00e9n\u00e9rale&#8230;) sans lesquels aucune d\u00e9cision importante ne peut \u00eatre prise.<\/li>\n<\/ul>\n<p>Dans les soci\u00e9t\u00e9s \u00e0 responsabilit\u00e9 limit\u00e9e (SA, SRL, SC), l\u2019actionnaire ne r\u00e9pond des dettes de l\u2019entreprise qu\u2019\u00e0 concurrence de son apport. Ceci implique que les cr\u00e9anciers de la soci\u00e9t\u00e9 ne peuvent pas entamer le patrimoine personnel de l\u2019entrepreneur. Les avoirs personnels du chef d\u2019entreprise et des actionnaires se trouvent donc prot\u00e9g\u00e9s.<\/p>\n<h3>La responsabilit\u00e9<\/h3>\n<p>Dans les soci\u00e9t\u00e9s \u00e0 responsabilit\u00e9 illimit\u00e9e (SNC, SComm), les associ\u00e9s (\u00e0 l\u2019exception des associ\u00e9s commanditaires) mettent leur propre patrimoine en garantie des dettes \u00e9ventuelles de la soci\u00e9t\u00e9. Si la soci\u00e9t\u00e9 est dans l\u2019impossibilit\u00e9 d\u2019honorer ses dettes, ses cr\u00e9anciers peuvent poursuivre le paiement de leur cr\u00e9ance sur le patrimoine priv\u00e9 des associ\u00e9s.<\/p>\n<h3>Le r\u00e9gime fiscal<\/h3>\n<p>Une soci\u00e9t\u00e9 est soumise au r\u00e9gime de l\u2019imp\u00f4t sur les soci\u00e9t\u00e9s, qui est moins \u00e9lev\u00e9 et moins progressif. Si les b\u00e9n\u00e9fices de l\u2019entreprise sont importants, il est fiscalement avantageux d\u2019\u00eatre impos\u00e9 dans ce r\u00e9gime.<\/p>\n<p>Votre guichet d\u2019entreprises Eunomia peut r\u00e9gler pour vous toutes les obligations l\u00e9gales.<\/p>\n<h3>La cotisation \u00e0 charge des soci\u00e9t\u00e9s<\/h3>\n<p>Dans les trois mois \u00e0 compter de la date de cr\u00e9ation, toutes les soci\u00e9t\u00e9s assujetties \u00e0 l\u2019imp\u00f4t des soci\u00e9t\u00e9s en Belgique ou \u00e0 l\u2019imp\u00f4t des non-r\u00e9sidents doivent s\u2019affilier \u00e0 une caisse d\u2019assurances sociales et payer une cotisation annuelle.<\/p>\n<\/div><\/div><\/div><div class=\"fusion-layout-column fusion_builder_column fusion-builder-column-1 fusion_builder_column_1_4 1_4 fusion-flex-column\" style=\"--awb-bg-size:cover;--awb-width-large:25%;--awb-margin-top-large:0px;--awb-spacing-right-large:7.68%;--awb-margin-bottom-large:20px;--awb-spacing-left-large:7.68%;--awb-width-medium:25%;--awb-order-medium:0;--awb-spacing-right-medium:7.68%;--awb-spacing-left-medium:7.68%;--awb-width-small:100%;--awb-order-small:0;--awb-spacing-right-small:1.92%;--awb-spacing-left-small:1.92%;\"><div class=\"fusion-column-wrapper fusion-column-has-shadow fusion-flex-justify-content-flex-start fusion-content-layout-column\"><div class=\"fusion-image-element \" style=\"--awb-caption-title-font-family:var(--h2_typography-font-family);--awb-caption-title-font-weight:var(--h2_typography-font-weight);--awb-caption-title-font-style:var(--h2_typography-font-style);--awb-caption-title-size:var(--h2_typography-font-size);--awb-caption-title-transform:var(--h2_typography-text-transform);--awb-caption-title-line-height:var(--h2_typography-line-height);--awb-caption-title-letter-spacing:var(--h2_typography-letter-spacing);\"><span class=\" fusion-imageframe imageframe-none imageframe-1 hover-type-none\"><img loading=\"lazy\" decoding=\"async\" width=\"960\" height=\"640\" title=\"avaxi-6\" src=\"https:\/\/staging.avixi.be\/wp-content\/uploads\/2021\/03\/avaxi-6-960x640.jpg\" alt class=\"img-responsive wp-image-4863\" srcset=\"https:\/\/staging.avixi.be\/wp-content\/uploads\/2021\/03\/avaxi-6-200x133.jpg 200w, https:\/\/staging.avixi.be\/wp-content\/uploads\/2021\/03\/avaxi-6-400x267.jpg 400w, https:\/\/staging.avixi.be\/wp-content\/uploads\/2021\/03\/avaxi-6-600x400.jpg 600w, https:\/\/staging.avixi.be\/wp-content\/uploads\/2021\/03\/avaxi-6-800x533.jpg 800w, https:\/\/staging.avixi.be\/wp-content\/uploads\/2021\/03\/avaxi-6-1200x800.jpg 1200w, https:\/\/staging.avixi.be\/wp-content\/uploads\/2021\/03\/avaxi-6.jpg 1920w\" sizes=\"auto, (max-width: 640px) 100vw, 400px\" \/><\/span><\/div><div class=\"fusion-separator fusion-full-width-sep\" style=\"align-self: center;margin-left: auto;margin-right: auto;margin-top:2rem;width:100%;\"><div class=\"fusion-separator-border sep-single\" style=\"--awb-height:20px;--awb-amount:20px;border-color:#def0f4;border-top-width:0px;\"><\/div><\/div><div class=\"fusion-text fusion-text-2\"><h3>D\u00e9marrer comme ind\u00e9pendant?<\/h3>\n<p>D\u00e9marrez votre activit\u00e9 en ligne avec le tool avixi.<\/p>\n<\/div><div ><a class=\"fusion-button button-flat fusion-button-default-size button-default fusion-button-default button-1 fusion-button-default-span fusion-button-default-type\" target=\"_blank\" rel=\"noopener noreferrer\" href=\"https:\/\/staging.avixi.be\/fr\/devenir-independant\/affiliations-obligatoires\/demarrer-son-activite-en-ligne\/\"><span class=\"fusion-button-text awb-button__text awb-button__text--default\">D\u00e9marre<\/span><i class=\"fa-angle-right fas awb-button__icon awb-button__icon--default button-icon-right\" aria-hidden=\"true\"><\/i><\/a><\/div><div class=\"fusion-separator fusion-full-width-sep\" style=\"align-self: center;margin-left: auto;margin-right: auto;margin-top:2rem;width:100%;\"><div class=\"fusion-separator-border sep-single\" style=\"--awb-height:20px;--awb-amount:20px;border-color:#def0f4;border-top-width:0px;\"><\/div><\/div><div class=\"fusion-text fusion-text-3\"><h3>Documents int\u00e9ressants<\/h3>\n<ul>\n<li><a href=\"https:\/\/staging.avixi.be\/wp-content\/uploads\/2022\/04\/Guide-de-demarrage-avixi-2023.pdf\" target=\"_blank\" rel=\"noopener\">Guide de d\u00e9marrage<\/a><\/li>\n<\/ul>\n<h3>Contactez notre guichet d\u2019entreprises<\/h3>\n<ul>\n<li><a href=\"mailto:OLmechelen@avixi.be\" target=\"_blank\" rel=\"noopener\">Guichet d\u2019entreprises Mechelen<\/a><\/li>\n<li><a href=\"mailto:OLbrugge@avixi.be\" target=\"_blank\" rel=\"noopener\">Guichet d\u2019entreprises Brugge<\/a><\/li>\n<\/ul>\n<\/div><div class=\"fusion-separator fusion-full-width-sep\" style=\"align-self: center;margin-left: auto;margin-right: auto;margin-top:2rem;width:100%;\"><div class=\"fusion-separator-border sep-single\" style=\"--awb-height:20px;--awb-amount:20px;border-color:#def0f4;border-top-width:0px;\"><\/div><\/div><div class=\"fusion-reading-box-container reading-box-container-1\" style=\"--awb-title-color:#002f47;--awb-margin-top:0px;--awb-margin-bottom:20px;\"><div class=\"reading-box\" style=\"background-color:#def2f2;border-width:0px;border-color:#f6f6f6;border-right-width:3px;border-right-color:var(--primary_color);border-style:solid;\"><a class=\"button fusion-button button-default fusion-button-default-size button-default-size button-flat fusion-desktop-button fusion-tagline-button continue fusion-desktop-button-margin continue-right\" style=\"-webkit-box-shadow:none;-moz-box-shadow:none;box-shadow:none;border-radius:50px 50px 50px 50px\" href=\"https:\/\/staging.avixi.be\/fr\/contact\/\" target=\"_blank\" rel=\"noopener noreferrer\"><span>Contact<\/span><\/a><h2>Des questions?<\/h2><div class=\"reading-box-additional fusion-reading-box-additional\">\n<p>Prenez contact avec votre gestionnaire de relation client:<\/p>\n<p>Mechelen: <strong>015 45 12 60<br \/><\/strong>Brugge: <strong>050 40 65 65<br \/><\/strong>Hasselt: <strong>011 22 27 46<\/strong><\/p>\n<p>ou envoyez un e-mail \u00e0 <a href=\"mailto:info@avixi.be\">info@avixi.be<\/a><\/p>\n<p>Clients de l&rsquo;ex-l\u2019Entraide:<\/p>\n<p>Bruxelles: <b>02<\/b> <b>743 05 10<\/b><\/p>\n<p>Ou envoyez votre message par e-mail \u00e0 clasti@avixi.be<\/p>\n<\/div><div class=\"fusion-clearfix\"><\/div><a class=\"button fusion-button button-default fusion-button-default-size button-default-size button-flat fusion-mobile-button continue-right\" style=\"-webkit-box-shadow:none;-moz-box-shadow:none;box-shadow:none;border-radius:50px 50px 50px 50px\" href=\"https:\/\/staging.avixi.be\/fr\/contact\/\" target=\"_blank\" rel=\"noopener noreferrer\"><span>Contact<\/span><\/a><\/div><\/div>\n<\/div><\/div>\n<\/div><\/div>\n","protected":false},"excerpt":{"rendered":"","protected":false},"author":1,"featured_media":0,"parent":3868,"menu_order":2,"comment_status":"closed","ping_status":"closed","template":"","meta":{"_acf_changed":false,"footnotes":""},"class_list":["post-3877","page","type-page","status-publish","hentry"],"acf":[],"_links":{"self":[{"href":"https:\/\/staging.avixi.be\/fr\/wp-json\/wp\/v2\/pages\/3877","targetHints":{"allow":["GET"]}}],"collection":[{"href":"https:\/\/staging.avixi.be\/fr\/wp-json\/wp\/v2\/pages"}],"about":[{"href":"https:\/\/staging.avixi.be\/fr\/wp-json\/wp\/v2\/types\/page"}],"author":[{"embeddable":true,"href":"https:\/\/staging.avixi.be\/fr\/wp-json\/wp\/v2\/users\/1"}],"replies":[{"embeddable":true,"href":"https:\/\/staging.avixi.be\/fr\/wp-json\/wp\/v2\/comments?post=3877"}],"version-history":[{"count":4,"href":"https:\/\/staging.avixi.be\/fr\/wp-json\/wp\/v2\/pages\/3877\/revisions"}],"predecessor-version":[{"id":5092,"href":"https:\/\/staging.avixi.be\/fr\/wp-json\/wp\/v2\/pages\/3877\/revisions\/5092"}],"up":[{"embeddable":true,"href":"https:\/\/staging.avixi.be\/fr\/wp-json\/wp\/v2\/pages\/3868"}],"wp:attachment":[{"href":"https:\/\/staging.avixi.be\/fr\/wp-json\/wp\/v2\/media?parent=3877"}],"curies":[{"name":"wp","href":"https:\/\/api.w.org\/{rel}","templated":true}]}}