{"id":3646,"date":"2021-03-02T08:53:07","date_gmt":"2021-03-02T07:53:07","guid":{"rendered":"https:\/\/staging.avixi.be\/?page_id=3646"},"modified":"2021-05-04T17:10:11","modified_gmt":"2021-05-04T15:10:11","slug":"cookies","status":"publish","type":"page","link":"https:\/\/staging.avixi.be\/fr\/cookies\/","title":{"rendered":"Cookies"},"content":{"rendered":"<div class=\"fusion-fullwidth fullwidth-box fusion-builder-row-1 fusion-flex-container nonhundred-percent-fullwidth non-hundred-percent-height-scrolling\" style=\"--awb-border-radius-top-left:0px;--awb-border-radius-top-right:0px;--awb-border-radius-bottom-right:0px;--awb-border-radius-bottom-left:0px;--awb-flex-wrap:wrap;\" ><div class=\"fusion-builder-row fusion-row fusion-flex-align-items-flex-start fusion-flex-content-wrap\" style=\"max-width:1560px;margin-left: calc(-4% \/ 2 );margin-right: calc(-4% \/ 2 );\"><div class=\"fusion-layout-column fusion_builder_column fusion-builder-column-0 fusion_builder_column_1_1 1_1 fusion-flex-column\" style=\"--awb-bg-size:cover;--awb-width-large:100%;--awb-margin-top-large:0px;--awb-spacing-right-large:1.92%;--awb-margin-bottom-large:20px;--awb-spacing-left-large:1.92%;--awb-width-medium:100%;--awb-order-medium:0;--awb-spacing-right-medium:1.92%;--awb-spacing-left-medium:1.92%;--awb-width-small:100%;--awb-order-small:0;--awb-spacing-right-small:1.92%;--awb-spacing-left-small:1.92%;\"><div class=\"fusion-column-wrapper fusion-column-has-shadow fusion-flex-justify-content-flex-start fusion-content-layout-column\"><nav class=\"fusion-breadcrumbs fusion-breadcrumbs-1\" style=\"--awb-breadcrumb-sep:&#039;\/&#039;;\" aria-label=\"Breadcrumb\"><ol class=\"awb-breadcrumb-list\"><li class=\"fusion-breadcrumb-item awb-breadcrumb-sep awb-home\" ><a href=\"https:\/\/staging.avixi.be\/fr\/\" class=\"fusion-breadcrumb-link\"><span >Home<\/span><\/a><\/li><\/ol><\/nav><div class=\"fusion-text fusion-text-1\"><h1>Politique concernant les cookies<\/h1>\n<hr \/>\n<h2>Que sont les cookies ?<\/h2>\n<p>Un cookie est un petit fichier texte qui peut \u00eatre conserv\u00e9 sur votre ordinateur lorsque vous visitez des sites Internet.<\/p>\n<p>Des informations sont enregistr\u00e9es dans un fichier texte, comme par exemple votre choix de langue pour un site Internet. Lorsque vous visitez \u00e0 nouveau le site Internet ult\u00e9rieurement, ce cookie est renvoy\u00e9 au site en question. De cette mani\u00e8re, le site Internet reconna\u00eet votre navigateur et peut par exemple retenir votre choix de langue.<\/p>\n<p>Les cookies ont g\u00e9n\u00e9ralement aussi une date d&rsquo;expiration. Certains cookies sont par exemple automatiquement supprim\u00e9s lorsque vous fermez votre navigateur (ce que l&rsquo;on appelle les cookies de session),tandis que d&rsquo;autres restent plus longtemps sur votre ordinateur, parfois m\u00eame jusqu&rsquo;\u00e0 ce que vous les supprimiez manuellement (ce que l&rsquo;on appelle les cookies permanents)).<\/p>\n<p>Le site d\u2019avixi utilise les cookies suivants:<\/p>\n<h3>Cookies n\u00e9cessaires<\/h3>\n<p>Les cookies n\u00e9cessaires sont indispensables au bon fonctionnement de notre site web et des applications sur votre ordinateur, tablette ou smartphone. Vous ne pouvez donc pas les bloquer. Car sans ces cookies, la navigation ne fonctionnera pas correctement ou votre \u00e9cran ne pourra pas afficher des informations importantes.<\/p>\n<h3>Cookies fonctionnels<\/h3>\n<p>Les cookies fonctionnels rendent le fonctionnement du site plus souple et plus agr\u00e9able.<\/p>\n<h3>Cookies analytiques<\/h3>\n<p>Avixi utilise Google Analytics pour des finalit\u00e9s analytiques. Cet outil d&rsquo;analyse installe des cookies que nous utilisons pour quantifier les visites (le trafic) sur le site Internet. Cela nous permet notamment de savoir combien de fois une page d\u00e9termin\u00e9e a \u00e9t\u00e9 lue. Nous utilisons ces informations uniquement pour am\u00e9liorer le contenu de notre site Internet ou comme base pour une nouvelle campagne sur un certain sujet suscitant beaucoup d&rsquo;int\u00e9r\u00eat.<\/p>\n<h3>Liste des cookies n\u00e9cessaires<\/h3>\n<table width=\"1975\">\n<tbody>\n<tr>\n<td width=\"261\">Nom<\/td>\n<td width=\"87\">Dur\u00e9e<\/td>\n<td width=\"87\">Contenu<\/td>\n<td width=\"1540\">Objectif<\/td>\n<\/tr>\n<tr>\n<td>cookielawinfo-checkbox-noodzakelijk<\/td>\n<td>1 ann\u00e9e<\/td>\n<td>Oui \/ Non<\/td>\n<td>Faites savoir au site Web si vous souhaitez ou non accepter les cookies n\u00e9cessaires.<\/td>\n<\/tr>\n<tr>\n<td>cookielawinfo-checkbox-functioneel<\/td>\n<td>1 ann\u00e9e<\/td>\n<td>Oui \/ Non<\/td>\n<td>Faites savoir au site Web si vous souhaitez ou non accepter les cookies fonctionnels.<\/td>\n<\/tr>\n<tr>\n<td>cookielawinfo-checkbox-analytisch<\/td>\n<td>1 ann\u00e9e<\/td>\n<td>Oui \/ Non<\/td>\n<td>Faites savoir au site Web si vous souhaitez ou non accepter les cookies analytiques.<\/td>\n<\/tr>\n<tr>\n<td>viewed_cookie_policy<br \/>\n<span style=\"color: #333333;\">cli-user-preference<\/span><\/td>\n<td>1 ann\u00e9e<\/td>\n<td>Oui \/ Non<\/td>\n<td><span data-language-for-alternatives=\"nl\" data-language-to-translate-into=\"en\" data-phrase-index=\"0\">Le cookie est d\u00e9fini par le plug-in GDPR Cookie Consent et est utilis\u00e9 pour d\u00e9terminer si l&rsquo;utilisateur a consenti ou non \u00e0 l&rsquo;utilisation de cookies. Il ne stocke aucune donn\u00e9e personnelle.<\/span><\/td>\n<\/tr>\n<\/tbody>\n<\/table>\n<h3>Liste des cookies analytiques<\/h3>\n<table width=\"1975\">\n<tbody>\n<tr>\n<td width=\"261\">Nom<\/td>\n<td width=\"87\">Dur\u00e9e<\/td>\n<td width=\"87\">Contenu<\/td>\n<td width=\"1540\">Objectif<\/td>\n<\/tr>\n<tr>\n<td>_gat_gtag_UA_193499949_2<\/td>\n<td>90 jours<\/td>\n<td>Value<\/td>\n<td>Analyse du nombre de visiteurs sur le site. Facebook Pixel est \u00e9galement charg\u00e9 via ce cookie, qui est utilis\u00e9 pour l&rsquo;affichage plus cibl\u00e9 de publicit\u00e9s.<\/td>\n<\/tr>\n<tr>\n<td>_ga<\/td>\n<td>2 ann\u00e9es<\/td>\n<td>ID<\/td>\n<td>Analyse du nombre de visiteurs sur le site.<\/td>\n<\/tr>\n<tr>\n<td>_gid<\/td>\n<td>24 heures<\/td>\n<td>ID<\/td>\n<td>Analyse du nombre de visiteurs sur le site.<\/td>\n<\/tr>\n<\/tbody>\n<\/table>\n<h2>Gestion des cookies<\/h2>\n<p>Si vous voulez savoir quels cookies sont install\u00e9s sur votre appareil ou si vous souhaitez les supprimer, vous pouvez utiliser un param\u00e8tre de votre navigateur. Les cookies install\u00e9s peuvent \u00eatre supprim\u00e9s de votre PC ou appareil mobile \u00e0 tout moment.<\/p>\n<p>Le site web suivant explique comment refuser les cookies dans la plupart des navigateurs: <a href=\"https:\/\/www.aboutcookies.org\/\">www.aboutcookies.org<\/a>.<\/p>\n<p>Pour de plus amples informations par type de navigateur, consultez \u00e9galement le manuel de votre navigateur: Internet Explorer, Mozilla Firefox, Chrome, Safari.<\/p>\n<\/div><\/div><\/div><\/div><\/div>\n","protected":false},"excerpt":{"rendered":"","protected":false},"author":1,"featured_media":0,"parent":0,"menu_order":49,"comment_status":"closed","ping_status":"closed","template":"","meta":{"_acf_changed":false,"footnotes":""},"class_list":["post-3646","page","type-page","status-publish","hentry"],"acf":[],"_links":{"self":[{"href":"https:\/\/staging.avixi.be\/fr\/wp-json\/wp\/v2\/pages\/3646","targetHints":{"allow":["GET"]}}],"collection":[{"href":"https:\/\/staging.avixi.be\/fr\/wp-json\/wp\/v2\/pages"}],"about":[{"href":"https:\/\/staging.avixi.be\/fr\/wp-json\/wp\/v2\/types\/page"}],"author":[{"embeddable":true,"href":"https:\/\/staging.avixi.be\/fr\/wp-json\/wp\/v2\/users\/1"}],"replies":[{"embeddable":true,"href":"https:\/\/staging.avixi.be\/fr\/wp-json\/wp\/v2\/comments?post=3646"}],"version-history":[{"count":8,"href":"https:\/\/staging.avixi.be\/fr\/wp-json\/wp\/v2\/pages\/3646\/revisions"}],"predecessor-version":[{"id":5836,"href":"https:\/\/staging.avixi.be\/fr\/wp-json\/wp\/v2\/pages\/3646\/revisions\/5836"}],"wp:attachment":[{"href":"https:\/\/staging.avixi.be\/fr\/wp-json\/wp\/v2\/media?parent=3646"}],"curies":[{"name":"wp","href":"https:\/\/api.w.org\/{rel}","templated":true}]}}